{"id":2216,"date":"2019-08-16T08:37:55","date_gmt":"2019-08-16T08:37:55","guid":{"rendered":"https:\/\/vickyteknik.se\/financing\/"},"modified":"2019-08-16T08:37:56","modified_gmt":"2019-08-16T08:37:56","slug":"financing","status":"publish","type":"page","link":"https:\/\/vickyteknik.se\/en\/financing\/","title":{"rendered":"Financing"},"content":{"rendered":"<div class=\"wrapper-wpEditorContent\">\n<p>Vicky Teknik kan erbjuda attraktiva finansieringsl\u00f6sningar d\u00e5 vi samarbetar med olika akt\u00f6rer som \u00e4r v\u00e4l insatta i v\u00e5ra produkter. <\/p>\n\n<p><strong>Leasing eller hyra<\/strong><\/p>\n\n<p>Vid leasing anv\u00e4nds objektet som s\u00e4kerhet. Genom att f\u00f6rdela\ninvesteringen via leasing, bankl\u00e5n och egna medel kan du som f\u00f6retagare skapa\nen bra plattform f\u00f6r nya projekt samt \u00f6ka tillv\u00e4xten i verk\u00adsamheten. Hyra \u00e4r\nen annan finansieringsform, d\u00e5 kan du alltid vara uppdaterad med den senaste\nutrustningen, byta den vid behov och dessutom \u00e4r den 100% avdragsgill.<\/p>\n\n<p>Kontakta oss p\u00e5 08-778 94 50 eller <a href=\"mailto:info@vickyteknik.se\">info@vickyteknik.se<\/a> f\u00f6r mer information.<\/p>\n\n<p><\/p>\n<\/div>","protected":false},"excerpt":{"rendered":"<p>Vicky Teknik kan erbjuda attraktiva finansieringsl\u00f6sningar d\u00e5 vi samarbetar med olika akt\u00f6rer som \u00e4r v\u00e4l insatta i v\u00e5ra produkter. Leasing eller hyra Vid leasing anv\u00e4nds objektet som s\u00e4kerhet. Genom att f\u00f6rdela investeringen via leasing, bankl\u00e5n och egna medel kan du som f\u00f6retagare skapa en bra plattform f\u00f6r nya projekt samt \u00f6ka tillv\u00e4xten i verk\u00adsamheten. Hyra [&hellip;]<\/p>\n","protected":false},"author":197,"featured_media":4070,"parent":0,"menu_order":0,"comment_status":"closed","ping_status":"closed","template":"","meta":[],"acf":[],"_links":{"self":[{"href":"https:\/\/vickyteknik.se\/en\/wp-json\/wp\/v2\/pages\/2216"}],"collection":[{"href":"https:\/\/vickyteknik.se\/en\/wp-json\/wp\/v2\/pages"}],"about":[{"href":"https:\/\/vickyteknik.se\/en\/wp-json\/wp\/v2\/types\/page"}],"author":[{"embeddable":true,"href":"https:\/\/vickyteknik.se\/en\/wp-json\/wp\/v2\/users\/197"}],"replies":[{"embeddable":true,"href":"https:\/\/vickyteknik.se\/en\/wp-json\/wp\/v2\/comments?post=2216"}],"version-history":[{"count":1,"href":"https:\/\/vickyteknik.se\/en\/wp-json\/wp\/v2\/pages\/2216\/revisions"}],"predecessor-version":[{"id":2217,"href":"https:\/\/vickyteknik.se\/en\/wp-json\/wp\/v2\/pages\/2216\/revisions\/2217"}],"wp:featuredmedia":[{"embeddable":true,"href":"https:\/\/vickyteknik.se\/en\/wp-json\/wp\/v2\/media\/4070"}],"wp:attachment":[{"href":"https:\/\/vickyteknik.se\/en\/wp-json\/wp\/v2\/media?parent=2216"}],"curies":[{"name":"wp","href":"https:\/\/api.w.org\/{rel}","templated":true}]}}