{"id":368,"date":"2017-12-14T13:41:24","date_gmt":"2017-12-14T13:41:24","guid":{"rendered":"https:\/\/vickyteknik.se\/?page_id=368"},"modified":"2019-05-23T13:27:21","modified_gmt":"2019-05-23T13:27:21","slug":"contact-us","status":"publish","type":"page","link":"https:\/\/vickyteknik.se\/en\/contact-us\/","title":{"rendered":"Contact us"},"content":{"rendered":"<div class=\"wrapper-wpEditorContent\"><h4 style=\"text-align: center;\">Vicky Teknik AB<\/h4>\n<p style=\"text-align: center;\">Contact us, we will be happy to assist you.<\/p>\n<p style=\"text-align: center;\">Telefon:\u00a0<a class=\"wrapper-adress\" href=\"tel:08-7789450\"><span class=\"text\">08-7789450<\/span>\u00a0<\/a><br \/>\nE-post:\u00a0<a href=\"mailto:info@vickyteknik.se\">info@vickyteknik.se<\/a><\/p>\n<p style=\"text-align: center;\">Vicky Teknik AB<br \/>\nL\u00f6vtorpsv\u00e4gen 149<br \/>\n147 91 Gr\u00f6dinge<\/p>\n<\/div>","protected":false},"excerpt":{"rendered":"<p>Vicky Teknik AB Contact us, we will be happy to assist you. Telefon:\u00a008-7789450\u00a0 E-post:\u00a0info@vickyteknik.se Vicky Teknik AB L\u00f6vtorpsv\u00e4gen 149 147 91 Gr\u00f6dinge<\/p>\n","protected":false},"author":1,"featured_media":0,"parent":0,"menu_order":0,"comment_status":"closed","ping_status":"closed","template":"templates\/contact-form-template.php","meta":[],"acf":[],"_links":{"self":[{"href":"https:\/\/vickyteknik.se\/en\/wp-json\/wp\/v2\/pages\/368"}],"collection":[{"href":"https:\/\/vickyteknik.se\/en\/wp-json\/wp\/v2\/pages"}],"about":[{"href":"https:\/\/vickyteknik.se\/en\/wp-json\/wp\/v2\/types\/page"}],"author":[{"embeddable":true,"href":"https:\/\/vickyteknik.se\/en\/wp-json\/wp\/v2\/users\/1"}],"replies":[{"embeddable":true,"href":"https:\/\/vickyteknik.se\/en\/wp-json\/wp\/v2\/comments?post=368"}],"version-history":[{"count":8,"href":"https:\/\/vickyteknik.se\/en\/wp-json\/wp\/v2\/pages\/368\/revisions"}],"predecessor-version":[{"id":1886,"href":"https:\/\/vickyteknik.se\/en\/wp-json\/wp\/v2\/pages\/368\/revisions\/1886"}],"wp:attachment":[{"href":"https:\/\/vickyteknik.se\/en\/wp-json\/wp\/v2\/media?parent=368"}],"curies":[{"name":"wp","href":"https:\/\/api.w.org\/{rel}","templated":true}]}}